{"id":1636,"date":"2025-06-03T22:45:57","date_gmt":"2025-06-03T22:45:57","guid":{"rendered":"https:\/\/www.fsfs.rs\/?page_id=1636"},"modified":"2025-11-04T21:21:37","modified_gmt":"2025-11-04T21:21:37","slug":"o-nama","status":"publish","type":"page","link":"https:\/\/www.fsfs.rs\/en\/o-nama\/","title":{"rendered":"About Us"},"content":{"rendered":"<div data-elementor-type=\"wp-page\" data-elementor-id=\"1636\" class=\"elementor elementor-1636\">\n\t\t\t\t\t\t\t\t\t<section class=\"elementor-section elementor-top-section elementor-element elementor-element-341611b elementor-section-boxed elementor-section-height-default elementor-section-height-default\" data-id=\"341611b\" data-element_type=\"section\">\n\t\t\t\t\t\t<div class=\"elementor-container elementor-column-gap-default\">\n\t\t\t\t\t<div class=\"elementor-column elementor-col-100 elementor-top-column elementor-element elementor-element-93bea52\" data-id=\"93bea52\" data-element_type=\"column\">\n\t\t\t<div class=\"elementor-widget-wrap elementor-element-populated\">\n\t\t\t\t\t\t\t\t<div class=\"elementor-element elementor-element-dc7f69f elementor-widget elementor-widget-heading\" data-id=\"dc7f69f\" data-element_type=\"widget\" data-widget_type=\"heading.default\">\n\t\t\t\t<div class=\"elementor-widget-container\">\n\t\t\t<style>\/*! elementor - v3.7.8 - 02-10-2022 *\/\n.elementor-heading-title{padding:0;margin:0;line-height:1}.elementor-widget-heading .elementor-heading-title[class*=elementor-size-]>a{color:inherit;font-size:inherit;line-height:inherit}.elementor-widget-heading .elementor-heading-title.elementor-size-small{font-size:15px}.elementor-widget-heading .elementor-heading-title.elementor-size-medium{font-size:19px}.elementor-widget-heading .elementor-heading-title.elementor-size-large{font-size:29px}.elementor-widget-heading .elementor-heading-title.elementor-size-xl{font-size:39px}.elementor-widget-heading .elementor-heading-title.elementor-size-xxl{font-size:59px}<\/style><h2 class=\"elementor-heading-title elementor-size-default\">About Us<\/h2>\t\t<\/div>\n\t\t\t\t<\/div>\n\t\t\t\t<div class=\"elementor-element elementor-element-9db4237 elementor-widget elementor-widget-text-editor\" data-id=\"9db4237\" data-element_type=\"widget\" data-widget_type=\"text-editor.default\">\n\t\t\t\t<div class=\"elementor-widget-container\">\n\t\t\t<style>\/*! elementor - v3.7.8 - 02-10-2022 *\/\n.elementor-widget-text-editor.elementor-drop-cap-view-stacked .elementor-drop-cap{background-color:#818a91;color:#fff}.elementor-widget-text-editor.elementor-drop-cap-view-framed .elementor-drop-cap{color:#818a91;border:3px solid;background-color:transparent}.elementor-widget-text-editor:not(.elementor-drop-cap-view-default) .elementor-drop-cap{margin-top:8px}.elementor-widget-text-editor:not(.elementor-drop-cap-view-default) .elementor-drop-cap-letter{width:1em;height:1em}.elementor-widget-text-editor .elementor-drop-cap{float:left;text-align:center;line-height:1;font-size:50px}.elementor-widget-text-editor .elementor-drop-cap-letter{display:inline-block}<\/style>\t\t\t\t<p data-start=\"121\" data-end=\"513\"><strong data-start=\"121\" data-end=\"164\">The Serbian Table Soccer Federation<\/strong>\u00a0is the national sports organization dedicated to the development, promotion, and recognition of table soccer as a serious competitive sport in Serbia.\nOur core mission is to move table soccer beyond the realm of casual recreation and establish it as an equal sport, embracing the core values of athletics\u2014fair play, dedication, teamwork, and continuous improvement.<\/p><p data-start=\"121\" data-end=\"513\">Although table soccer in our country is often associated with caf\u00e9s and informal gatherings, the Federation works actively to change that perception through the organization of official tournaments, the education of players and coaches, and the establishment of clubs across the nation.<\/p><p data-start=\"121\" data-end=\"513\" class=\"translation-block\">As a full member of the International Table Soccer Federation (ITSF), we are committed to aligning with international rules, standards, and values of the sport.\nOur players regularly compete at international tournaments, and Serbia is becoming increasingly recognized on the global table soccer map.<\/p><p data-start=\"751\" data-end=\"1033\">The Federation\u2019s vision is to make table soccer accessible to everyone\u2014regardless of gender, age, or physical ability\u2014and to use sports culture as a way to promote community, inclusion, and healthy living.<\/p>\t\t\t\t\t\t<\/div>\n\t\t\t\t<\/div>\n\t\t\t\t\t<\/div>\n\t\t<\/div>\n\t\t\t\t\t\t\t<\/div>\n\t\t<\/section>\n\t\t\t\t<section class=\"elementor-section elementor-top-section elementor-element elementor-element-c3aa523 elementor-section-boxed elementor-section-height-default elementor-section-height-default\" data-id=\"c3aa523\" data-element_type=\"section\">\n\t\t\t\t\t\t<div class=\"elementor-container elementor-column-gap-default\">\n\t\t\t\t\t<div class=\"elementor-column elementor-col-100 elementor-top-column elementor-element elementor-element-490a7ae\" data-id=\"490a7ae\" data-element_type=\"column\">\n\t\t\t<div class=\"elementor-widget-wrap elementor-element-populated\">\n\t\t\t\t\t\t\t\t<div class=\"elementor-element elementor-element-ff9fe30 elementor-widget elementor-widget-heading\" data-id=\"ff9fe30\" data-element_type=\"widget\" data-widget_type=\"heading.default\">\n\t\t\t\t<div class=\"elementor-widget-container\">\n\t\t\t<h2 class=\"elementor-heading-title elementor-size-default\">Official Recognition by ITSF<\/h2>\t\t<\/div>\n\t\t\t\t<\/div>\n\t\t\t\t<div class=\"elementor-element elementor-element-601c44d elementor-widget elementor-widget-text-editor\" data-id=\"601c44d\" data-element_type=\"widget\" data-widget_type=\"text-editor.default\">\n\t\t\t\t<div class=\"elementor-widget-container\">\n\t\t\t\t\t\t\t<p>The Serbian Table Soccer Federation is a proud member of the International Table Soccer Federation (ITSF). This certificate affirms our commitment to developing the sport in accordance with global standards and regulations.<\/p>\t\t\t\t\t\t<\/div>\n\t\t\t\t<\/div>\n\t\t\t\t<div class=\"elementor-element elementor-element-48dbbd6 elementor-widget elementor-widget-image\" data-id=\"48dbbd6\" data-element_type=\"widget\" data-widget_type=\"image.default\">\n\t\t\t\t<div class=\"elementor-widget-container\">\n\t\t\t<style>\/*! elementor - v3.7.8 - 02-10-2022 *\/\n.elementor-widget-image{text-align:center}.elementor-widget-image a{display:inline-block}.elementor-widget-image a img[src$=\".svg\"]{width:48px}.elementor-widget-image img{vertical-align:middle;display:inline-block}<\/style>\t\t\t\t\t\t\t\t\t\t\t\t<img loading=\"lazy\" decoding=\"async\" width=\"1024\" height=\"724\" src=\"https:\/\/www.fsfs.rs\/wp-content\/uploads\/2025\/06\/STSF-2025-png-1024x724.png\" class=\"attachment-large size-large\" alt=\"\" srcset=\"https:\/\/www.fsfs.rs\/wp-content\/uploads\/2025\/06\/STSF-2025-png-1024x724.png 1024w, https:\/\/www.fsfs.rs\/wp-content\/uploads\/2025\/06\/STSF-2025-png-300x212.png 300w, https:\/\/www.fsfs.rs\/wp-content\/uploads\/2025\/06\/STSF-2025-png-768x543.png 768w, https:\/\/www.fsfs.rs\/wp-content\/uploads\/2025\/06\/STSF-2025-png-1536x1086.png 1536w, https:\/\/www.fsfs.rs\/wp-content\/uploads\/2025\/06\/STSF-2025-png-18x12.png 18w, https:\/\/www.fsfs.rs\/wp-content\/uploads\/2025\/06\/STSF-2025-png.png 2000w\" sizes=\"auto, (max-width: 1024px) 100vw, 1024px\" \/>\t\t\t\t\t\t\t\t\t\t\t\t\t\t\t<\/div>\n\t\t\t\t<\/div>\n\t\t\t\t\t<\/div>\n\t\t<\/div>\n\t\t\t\t\t\t\t<\/div>\n\t\t<\/section>\n\t\t\t\t\t\t\t<\/div>","protected":false},"excerpt":{"rendered":"<p>O nama Federacija Stonog Fudbala Srbije (FSFS)\u00a0je nacionalna sportska organizacija posve\u0107ena razvoju, promociji i afirmaciji stonog fudbala kao ozbiljnog takmi\u010darskog sporta u Srbiji. Na\u0161 osnovni cilj je da stoni fudbal iza\u0111e iz okvira rekreativne zabave i bude prepoznat kao ravnopravan sport, sa svim vrednostima koje sport nosi \u2013 fer plej, posve\u0107enost, timski duh i kontinuirano [&hellip;]<\/p>","protected":false},"author":1,"featured_media":0,"parent":0,"menu_order":0,"comment_status":"closed","ping_status":"closed","template":"","meta":{"_acf_changed":false,"footnotes":""},"class_list":["post-1636","page","type-page","status-publish","hentry","entry"],"acf":[],"yoast_head":"<!-- This site is optimized with the Yoast SEO plugin v19.9 - https:\/\/yoast.com\/wordpress\/plugins\/seo\/ -->\n<title>O nama | FSFS<\/title>\n<meta name=\"description\" content=\"FSFS - Federacija stonog fudbala Srbije | O nama Federacija Stonog Fudbala Srbije (FSFS)\u00a0je nacionalna sportska organizacija posve\u0107ena razvoju, promociji i afirmaciji stonog fudbala kao ozbiljnog\" \/>\n<meta name=\"robots\" content=\"index, follow, max-snippet:-1, max-image-preview:large, max-video-preview:-1\" \/>\n<link rel=\"canonical\" href=\"https:\/\/www.fsfs.rs\/en\/o-nama\/\" \/>\n<meta property=\"og:locale\" content=\"en_US\" \/>\n<meta property=\"og:type\" content=\"article\" \/>\n<meta property=\"og:title\" content=\"O nama | FSFS\" \/>\n<meta property=\"og:description\" content=\"FSFS - Federacija stonog fudbala Srbije | O nama Federacija Stonog Fudbala Srbije (FSFS)\u00a0je nacionalna sportska organizacija posve\u0107ena razvoju, promociji i afirmaciji stonog fudbala kao ozbiljnog\" \/>\n<meta property=\"og:url\" content=\"https:\/\/www.fsfs.rs\/en\/o-nama\/\" \/>\n<meta property=\"og:site_name\" content=\"FSFS\" \/>\n<meta property=\"article:publisher\" content=\"https:\/\/m.facebook.com\/100002173293117\/\" \/>\n<meta property=\"article:modified_time\" content=\"2025-11-04T21:21:37+00:00\" \/>\n<meta property=\"og:image\" content=\"https:\/\/www.fsfs.rs\/wp-content\/uploads\/2025\/06\/STSF-2025-png-1024x724.png\" \/>\n<meta name=\"twitter:card\" content=\"summary_large_image\" \/>\n<meta name=\"twitter:label1\" content=\"Est. reading time\" \/>\n\t<meta name=\"twitter:data1\" content=\"2 minutes\" \/>\n<script type=\"application\/ld+json\" class=\"yoast-schema-graph\">{\"@context\":\"https:\/\/schema.org\",\"@graph\":[{\"@type\":\"WebPage\",\"@id\":\"https:\/\/www.fsfs.rs\/o-nama\/\",\"url\":\"https:\/\/www.fsfs.rs\/o-nama\/\",\"name\":\"O nama | FSFS\",\"isPartOf\":{\"@id\":\"https:\/\/www.fsfs.rs\/#website\"},\"datePublished\":\"2025-06-03T22:45:57+00:00\",\"dateModified\":\"2025-11-04T21:21:37+00:00\",\"description\":\"FSFS - Federacija stonog fudbala Srbije | O nama Federacija Stonog Fudbala Srbije (FSFS)\u00a0je nacionalna sportska organizacija posve\u0107ena razvoju, promociji i afirmaciji stonog fudbala kao ozbiljnog\",\"breadcrumb\":{\"@id\":\"https:\/\/www.fsfs.rs\/o-nama\/#breadcrumb\"},\"inLanguage\":\"en-US\",\"potentialAction\":[{\"@type\":\"ReadAction\",\"target\":[\"https:\/\/www.fsfs.rs\/o-nama\/\"]}]},{\"@type\":\"BreadcrumbList\",\"@id\":\"https:\/\/www.fsfs.rs\/o-nama\/#breadcrumb\",\"itemListElement\":[{\"@type\":\"ListItem\",\"position\":1,\"name\":\"Home\",\"item\":\"https:\/\/www.fsfs.rs\/\"},{\"@type\":\"ListItem\",\"position\":2,\"name\":\"O nama\"}]},{\"@type\":\"WebSite\",\"@id\":\"https:\/\/www.fsfs.rs\/#website\",\"url\":\"https:\/\/www.fsfs.rs\/\",\"name\":\"FSFS - Federacija stonog fudbala Srbije\",\"description\":\"Federacija stonog fudbala Srbije\",\"publisher\":{\"@id\":\"https:\/\/www.fsfs.rs\/#organization\"},\"potentialAction\":[{\"@type\":\"SearchAction\",\"target\":{\"@type\":\"EntryPoint\",\"urlTemplate\":\"https:\/\/www.fsfs.rs\/?s={search_term_string}\"},\"query-input\":\"required name=search_term_string\"}],\"inLanguage\":\"en-US\"},{\"@type\":\"Organization\",\"@id\":\"https:\/\/www.fsfs.rs\/#organization\",\"name\":\"FSFS - Federacija stonog fudbala Srbije\",\"url\":\"https:\/\/www.fsfs.rs\/\",\"logo\":{\"@type\":\"ImageObject\",\"inLanguage\":\"en-US\",\"@id\":\"https:\/\/www.fsfs.rs\/#\/schema\/logo\/image\/\",\"url\":\"https:\/\/www.fsfs.rs\/wp-content\/uploads\/2025\/10\/cropped-cropped-Untitled-design-1.png\",\"contentUrl\":\"https:\/\/www.fsfs.rs\/wp-content\/uploads\/2025\/10\/cropped-cropped-Untitled-design-1.png\",\"width\":512,\"height\":512,\"caption\":\"FSFS - Federacija stonog fudbala Srbije\"},\"image\":{\"@id\":\"https:\/\/www.fsfs.rs\/#\/schema\/logo\/image\/\"},\"sameAs\":[\"https:\/\/m.facebook.com\/100002173293117\/\"]}]}<\/script>\n<!-- \/ Yoast SEO plugin. -->","yoast_head_json":{"title":"O nama | FSFS","description":"FSFS - Federacija stonog fudbala Srbije | O nama Federacija Stonog Fudbala Srbije (FSFS)\u00a0je nacionalna sportska organizacija posve\u0107ena razvoju, promociji i afirmaciji stonog fudbala kao ozbiljnog","robots":{"index":"index","follow":"follow","max-snippet":"max-snippet:-1","max-image-preview":"max-image-preview:large","max-video-preview":"max-video-preview:-1"},"canonical":"https:\/\/www.fsfs.rs\/en\/o-nama\/","og_locale":"en_US","og_type":"article","og_title":"O nama | FSFS","og_description":"FSFS - Federacija stonog fudbala Srbije | O nama Federacija Stonog Fudbala Srbije (FSFS)\u00a0je nacionalna sportska organizacija posve\u0107ena razvoju, promociji i afirmaciji stonog fudbala kao ozbiljnog","og_url":"https:\/\/www.fsfs.rs\/en\/o-nama\/","og_site_name":"FSFS","article_publisher":"https:\/\/m.facebook.com\/100002173293117\/","article_modified_time":"2025-11-04T21:21:37+00:00","og_image":[{"url":"https:\/\/www.fsfs.rs\/wp-content\/uploads\/2025\/06\/STSF-2025-png-1024x724.png"}],"twitter_card":"summary_large_image","twitter_misc":{"Est. reading time":"2 minutes"},"schema":{"@context":"https:\/\/schema.org","@graph":[{"@type":"WebPage","@id":"https:\/\/www.fsfs.rs\/o-nama\/","url":"https:\/\/www.fsfs.rs\/o-nama\/","name":"O nama | FSFS","isPartOf":{"@id":"https:\/\/www.fsfs.rs\/#website"},"datePublished":"2025-06-03T22:45:57+00:00","dateModified":"2025-11-04T21:21:37+00:00","description":"FSFS - Federacija stonog fudbala Srbije | O nama Federacija Stonog Fudbala Srbije (FSFS)\u00a0je nacionalna sportska organizacija posve\u0107ena razvoju, promociji i afirmaciji stonog fudbala kao ozbiljnog","breadcrumb":{"@id":"https:\/\/www.fsfs.rs\/o-nama\/#breadcrumb"},"inLanguage":"en-US","potentialAction":[{"@type":"ReadAction","target":["https:\/\/www.fsfs.rs\/o-nama\/"]}]},{"@type":"BreadcrumbList","@id":"https:\/\/www.fsfs.rs\/o-nama\/#breadcrumb","itemListElement":[{"@type":"ListItem","position":1,"name":"Home","item":"https:\/\/www.fsfs.rs\/"},{"@type":"ListItem","position":2,"name":"O nama"}]},{"@type":"WebSite","@id":"https:\/\/www.fsfs.rs\/#website","url":"https:\/\/www.fsfs.rs\/","name":"FSFS - Federacija stonog fudbala Srbije","description":"Federacija stonog fudbala Srbije","publisher":{"@id":"https:\/\/www.fsfs.rs\/#organization"},"potentialAction":[{"@type":"SearchAction","target":{"@type":"EntryPoint","urlTemplate":"https:\/\/www.fsfs.rs\/?s={search_term_string}"},"query-input":"required name=search_term_string"}],"inLanguage":"en-US"},{"@type":"Organization","@id":"https:\/\/www.fsfs.rs\/#organization","name":"FSFS - Federacija stonog fudbala Srbije","url":"https:\/\/www.fsfs.rs\/","logo":{"@type":"ImageObject","inLanguage":"en-US","@id":"https:\/\/www.fsfs.rs\/#\/schema\/logo\/image\/","url":"https:\/\/www.fsfs.rs\/wp-content\/uploads\/2025\/10\/cropped-cropped-Untitled-design-1.png","contentUrl":"https:\/\/www.fsfs.rs\/wp-content\/uploads\/2025\/10\/cropped-cropped-Untitled-design-1.png","width":512,"height":512,"caption":"FSFS - Federacija stonog fudbala Srbije"},"image":{"@id":"https:\/\/www.fsfs.rs\/#\/schema\/logo\/image\/"},"sameAs":["https:\/\/m.facebook.com\/100002173293117\/"]}]}},"_links":{"self":[{"href":"https:\/\/www.fsfs.rs\/en\/wp-json\/wp\/v2\/pages\/1636","targetHints":{"allow":["GET"]}}],"collection":[{"href":"https:\/\/www.fsfs.rs\/en\/wp-json\/wp\/v2\/pages"}],"about":[{"href":"https:\/\/www.fsfs.rs\/en\/wp-json\/wp\/v2\/types\/page"}],"author":[{"embeddable":true,"href":"https:\/\/www.fsfs.rs\/en\/wp-json\/wp\/v2\/users\/1"}],"replies":[{"embeddable":true,"href":"https:\/\/www.fsfs.rs\/en\/wp-json\/wp\/v2\/comments?post=1636"}],"version-history":[{"count":23,"href":"https:\/\/www.fsfs.rs\/en\/wp-json\/wp\/v2\/pages\/1636\/revisions"}],"predecessor-version":[{"id":2601,"href":"https:\/\/www.fsfs.rs\/en\/wp-json\/wp\/v2\/pages\/1636\/revisions\/2601"}],"wp:attachment":[{"href":"https:\/\/www.fsfs.rs\/en\/wp-json\/wp\/v2\/media?parent=1636"}],"curies":[{"name":"wp","href":"https:\/\/api.w.org\/{rel}","templated":true}]}}