{"id":1158,"date":"2023-04-28T18:13:59","date_gmt":"2023-04-28T18:13:59","guid":{"rendered":"https:\/\/www.fsfs.rs\/?page_id=1158"},"modified":"2025-04-30T22:54:19","modified_gmt":"2025-04-30T22:54:19","slug":"liga-23-24","status":"publish","type":"page","link":"https:\/\/www.fsfs.rs\/en\/liga-23-24\/","title":{"rendered":"National League \u201923-\u201924"},"content":{"rendered":"<div data-elementor-type=\"wp-page\" data-elementor-id=\"1158\" class=\"elementor elementor-1158\">\n\t\t\t\t\t\t\t\t\t<section class=\"elementor-section elementor-top-section elementor-element elementor-element-3d406bb elementor-section-boxed elementor-section-height-default elementor-section-height-default\" data-id=\"3d406bb\" data-element_type=\"section\">\n\t\t\t\t\t\t<div class=\"elementor-container elementor-column-gap-default\">\n\t\t\t\t\t<div class=\"elementor-column elementor-col-100 elementor-top-column elementor-element elementor-element-6e6a966\" data-id=\"6e6a966\" data-element_type=\"column\">\n\t\t\t<div class=\"elementor-widget-wrap elementor-element-populated\">\n\t\t\t\t\t\t\t\t<div class=\"elementor-element elementor-element-34f9c18 elementor-widget elementor-widget-heading\" data-id=\"34f9c18\" data-element_type=\"widget\" data-widget_type=\"heading.default\">\n\t\t\t\t<div class=\"elementor-widget-container\">\n\t\t\t<style>\/*! elementor - v3.7.8 - 02-10-2022 *\/\n.elementor-heading-title{padding:0;margin:0;line-height:1}.elementor-widget-heading .elementor-heading-title[class*=elementor-size-]>a{color:inherit;font-size:inherit;line-height:inherit}.elementor-widget-heading .elementor-heading-title.elementor-size-small{font-size:15px}.elementor-widget-heading .elementor-heading-title.elementor-size-medium{font-size:19px}.elementor-widget-heading .elementor-heading-title.elementor-size-large{font-size:29px}.elementor-widget-heading .elementor-heading-title.elementor-size-xl{font-size:39px}.elementor-widget-heading .elementor-heading-title.elementor-size-xxl{font-size:59px}<\/style><h2 class=\"elementor-heading-title elementor-size-xl\"><br>Results of the National Championship in doubles and singles disciplines for the 2023-2024. season. \n\nCongratulations to the winners! \ud83c\udf89\ud83c\udfc6<br><\/h2>\t\t<\/div>\n\t\t\t\t<\/div>\n\t\t\t\t\t<\/div>\n\t\t<\/div>\n\t\t\t\t\t\t\t<\/div>\n\t\t<\/section>\n\t\t\t\t<section class=\"elementor-section elementor-top-section elementor-element elementor-element-e46b4b1 elementor-section-boxed elementor-section-height-default elementor-section-height-default\" data-id=\"e46b4b1\" data-element_type=\"section\">\n\t\t\t\t\t\t<div class=\"elementor-container elementor-column-gap-default\">\n\t\t\t\t\t<div class=\"elementor-column elementor-col-50 elementor-top-column elementor-element elementor-element-2a6677a\" data-id=\"2a6677a\" data-element_type=\"column\">\n\t\t\t<div class=\"elementor-widget-wrap elementor-element-populated\">\n\t\t\t\t\t\t\t\t<div class=\"elementor-element elementor-element-d709264 elementor-widget elementor-widget-image\" data-id=\"d709264\" data-element_type=\"widget\" data-widget_type=\"image.default\">\n\t\t\t\t<div class=\"elementor-widget-container\">\n\t\t\t<style>\/*! elementor - v3.7.8 - 02-10-2022 *\/\n.elementor-widget-image{text-align:center}.elementor-widget-image a{display:inline-block}.elementor-widget-image a img[src$=\".svg\"]{width:48px}.elementor-widget-image img{vertical-align:middle;display:inline-block}<\/style>\t\t\t\t\t\t\t\t\t\t\t\t<img loading=\"lazy\" decoding=\"async\" width=\"612\" height=\"935\" src=\"https:\/\/www.fsfs.rs\/wp-content\/uploads\/2025\/04\/WhatsApp-Image-2025-04-30-at-21.43.07-1.jpeg\" class=\"attachment-large size-large\" alt=\"\" srcset=\"https:\/\/www.fsfs.rs\/wp-content\/uploads\/2025\/04\/WhatsApp-Image-2025-04-30-at-21.43.07-1.jpeg 612w, https:\/\/www.fsfs.rs\/wp-content\/uploads\/2025\/04\/WhatsApp-Image-2025-04-30-at-21.43.07-1-196x300.jpeg 196w\" sizes=\"auto, (max-width: 612px) 100vw, 612px\" \/>\t\t\t\t\t\t\t\t\t\t\t\t\t\t\t<\/div>\n\t\t\t\t<\/div>\n\t\t\t\t\t<\/div>\n\t\t<\/div>\n\t\t\t\t<div class=\"elementor-column elementor-col-50 elementor-top-column elementor-element elementor-element-351cdab\" data-id=\"351cdab\" data-element_type=\"column\">\n\t\t\t<div class=\"elementor-widget-wrap elementor-element-populated\">\n\t\t\t\t\t\t\t\t<div class=\"elementor-element elementor-element-25e277a elementor-widget elementor-widget-image\" data-id=\"25e277a\" data-element_type=\"widget\" data-widget_type=\"image.default\">\n\t\t\t\t<div class=\"elementor-widget-container\">\n\t\t\t\t\t\t\t\t\t\t\t\t\t\t\t<img loading=\"lazy\" decoding=\"async\" width=\"678\" height=\"1024\" src=\"https:\/\/www.fsfs.rs\/wp-content\/uploads\/2025\/04\/WhatsApp-Image-2025-04-30-at-21.43.07-678x1024.jpeg\" class=\"attachment-large size-large\" alt=\"\" srcset=\"https:\/\/www.fsfs.rs\/wp-content\/uploads\/2025\/04\/WhatsApp-Image-2025-04-30-at-21.43.07-678x1024.jpeg 678w, https:\/\/www.fsfs.rs\/wp-content\/uploads\/2025\/04\/WhatsApp-Image-2025-04-30-at-21.43.07-199x300.jpeg 199w, https:\/\/www.fsfs.rs\/wp-content\/uploads\/2025\/04\/WhatsApp-Image-2025-04-30-at-21.43.07.jpeg 680w\" sizes=\"auto, (max-width: 678px) 100vw, 678px\" \/>\t\t\t\t\t\t\t\t\t\t\t\t\t\t\t<\/div>\n\t\t\t\t<\/div>\n\t\t\t\t\t<\/div>\n\t\t<\/div>\n\t\t\t\t\t\t\t<\/div>\n\t\t<\/section>\n\t\t\t\t\t\t\t<\/div>","protected":false},"excerpt":{"rendered":"<p>Rezultat dr\u017eavnog prvenstva u dubl i singl disciplini 2023-2024. \u010cestitamo pobednicima!<\/p>","protected":false},"author":1,"featured_media":1267,"parent":0,"menu_order":0,"comment_status":"closed","ping_status":"closed","template":"elementor_header_footer","meta":{"_acf_changed":false,"footnotes":""},"class_list":["post-1158","page","type-page","status-publish","has-post-thumbnail","hentry","entry","has-media"],"acf":[],"yoast_head":"<!-- This site is optimized with the Yoast SEO plugin v19.9 - https:\/\/yoast.com\/wordpress\/plugins\/seo\/ -->\n<title>Dr\u017eavna Liga &#039;23-&#039;24 | FSFS<\/title>\n<meta name=\"description\" content=\"FSFS - Federacija stonog fudbala Srbije | Rezultat dr\u017eavnog prvenstva u dubl i singl disciplini 2023-2024. \u010cestitamo pobednicima!\" \/>\n<meta name=\"robots\" content=\"index, follow, max-snippet:-1, max-image-preview:large, max-video-preview:-1\" \/>\n<link rel=\"canonical\" href=\"https:\/\/www.fsfs.rs\/en\/liga-23-24\/\" \/>\n<meta property=\"og:locale\" content=\"en_US\" \/>\n<meta property=\"og:type\" content=\"article\" \/>\n<meta property=\"og:title\" content=\"Dr\u017eavna Liga &#039;23-&#039;24 | FSFS\" \/>\n<meta property=\"og:description\" content=\"FSFS - Federacija stonog fudbala Srbije | Rezultat dr\u017eavnog prvenstva u dubl i singl disciplini 2023-2024. \u010cestitamo pobednicima!\" \/>\n<meta property=\"og:url\" content=\"https:\/\/www.fsfs.rs\/en\/liga-23-24\/\" \/>\n<meta property=\"og:site_name\" content=\"FSFS\" \/>\n<meta property=\"article:publisher\" content=\"https:\/\/m.facebook.com\/100002173293117\/\" \/>\n<meta property=\"article:modified_time\" content=\"2025-04-30T22:54:19+00:00\" \/>\n<meta property=\"og:image\" content=\"https:\/\/www.fsfs.rs\/wp-content\/uploads\/2023\/04\/Bildschirmfoto-2023-04-29-um-14.03.46.png\" \/>\n\t<meta property=\"og:image:width\" content=\"1426\" \/>\n\t<meta property=\"og:image:height\" content=\"858\" \/>\n\t<meta property=\"og:image:type\" content=\"image\/png\" \/>\n<meta name=\"twitter:card\" content=\"summary_large_image\" \/>\n<meta name=\"twitter:label1\" content=\"Est. reading time\" \/>\n\t<meta name=\"twitter:data1\" content=\"1 minute\" \/>\n<script type=\"application\/ld+json\" class=\"yoast-schema-graph\">{\"@context\":\"https:\/\/schema.org\",\"@graph\":[{\"@type\":\"WebPage\",\"@id\":\"https:\/\/www.fsfs.rs\/liga-23-24\/\",\"url\":\"https:\/\/www.fsfs.rs\/liga-23-24\/\",\"name\":\"Dr\u017eavna Liga '23-'24 | FSFS\",\"isPartOf\":{\"@id\":\"https:\/\/www.fsfs.rs\/#website\"},\"datePublished\":\"2023-04-28T18:13:59+00:00\",\"dateModified\":\"2025-04-30T22:54:19+00:00\",\"description\":\"FSFS - Federacija stonog fudbala Srbije | Rezultat dr\u017eavnog prvenstva u dubl i singl disciplini 2023-2024. \u010cestitamo pobednicima!\",\"breadcrumb\":{\"@id\":\"https:\/\/www.fsfs.rs\/liga-23-24\/#breadcrumb\"},\"inLanguage\":\"en-US\",\"potentialAction\":[{\"@type\":\"ReadAction\",\"target\":[\"https:\/\/www.fsfs.rs\/liga-23-24\/\"]}]},{\"@type\":\"BreadcrumbList\",\"@id\":\"https:\/\/www.fsfs.rs\/liga-23-24\/#breadcrumb\",\"itemListElement\":[{\"@type\":\"ListItem\",\"position\":1,\"name\":\"Home\",\"item\":\"https:\/\/www.fsfs.rs\/\"},{\"@type\":\"ListItem\",\"position\":2,\"name\":\"Dr\u017eavna Liga &#8217;23-&#8217;24\"}]},{\"@type\":\"WebSite\",\"@id\":\"https:\/\/www.fsfs.rs\/#website\",\"url\":\"https:\/\/www.fsfs.rs\/\",\"name\":\"FSFS - Federacija stonog fudbala Srbije\",\"description\":\"Federacija stonog fudbala Srbije\",\"publisher\":{\"@id\":\"https:\/\/www.fsfs.rs\/#organization\"},\"potentialAction\":[{\"@type\":\"SearchAction\",\"target\":{\"@type\":\"EntryPoint\",\"urlTemplate\":\"https:\/\/www.fsfs.rs\/?s={search_term_string}\"},\"query-input\":\"required name=search_term_string\"}],\"inLanguage\":\"en-US\"},{\"@type\":\"Organization\",\"@id\":\"https:\/\/www.fsfs.rs\/#organization\",\"name\":\"FSFS - Federacija stonog fudbala Srbije\",\"url\":\"https:\/\/www.fsfs.rs\/\",\"logo\":{\"@type\":\"ImageObject\",\"inLanguage\":\"en-US\",\"@id\":\"https:\/\/www.fsfs.rs\/#\/schema\/logo\/image\/\",\"url\":\"https:\/\/www.fsfs.rs\/wp-content\/uploads\/2025\/10\/cropped-cropped-Untitled-design-1.png\",\"contentUrl\":\"https:\/\/www.fsfs.rs\/wp-content\/uploads\/2025\/10\/cropped-cropped-Untitled-design-1.png\",\"width\":512,\"height\":512,\"caption\":\"FSFS - Federacija stonog fudbala Srbije\"},\"image\":{\"@id\":\"https:\/\/www.fsfs.rs\/#\/schema\/logo\/image\/\"},\"sameAs\":[\"https:\/\/m.facebook.com\/100002173293117\/\"]}]}<\/script>\n<!-- \/ Yoast SEO plugin. -->","yoast_head_json":{"title":"Dr\u017eavna Liga '23-'24 | FSFS","description":"FSFS - Federacija stonog fudbala Srbije | Rezultat dr\u017eavnog prvenstva u dubl i singl disciplini 2023-2024. \u010cestitamo pobednicima!","robots":{"index":"index","follow":"follow","max-snippet":"max-snippet:-1","max-image-preview":"max-image-preview:large","max-video-preview":"max-video-preview:-1"},"canonical":"https:\/\/www.fsfs.rs\/en\/liga-23-24\/","og_locale":"en_US","og_type":"article","og_title":"Dr\u017eavna Liga '23-'24 | FSFS","og_description":"FSFS - Federacija stonog fudbala Srbije | Rezultat dr\u017eavnog prvenstva u dubl i singl disciplini 2023-2024. \u010cestitamo pobednicima!","og_url":"https:\/\/www.fsfs.rs\/en\/liga-23-24\/","og_site_name":"FSFS","article_publisher":"https:\/\/m.facebook.com\/100002173293117\/","article_modified_time":"2025-04-30T22:54:19+00:00","og_image":[{"width":1426,"height":858,"url":"https:\/\/www.fsfs.rs\/wp-content\/uploads\/2023\/04\/Bildschirmfoto-2023-04-29-um-14.03.46.png","type":"image\/png"}],"twitter_card":"summary_large_image","twitter_misc":{"Est. reading time":"1 minute"},"schema":{"@context":"https:\/\/schema.org","@graph":[{"@type":"WebPage","@id":"https:\/\/www.fsfs.rs\/liga-23-24\/","url":"https:\/\/www.fsfs.rs\/liga-23-24\/","name":"Dr\u017eavna Liga '23-'24 | FSFS","isPartOf":{"@id":"https:\/\/www.fsfs.rs\/#website"},"datePublished":"2023-04-28T18:13:59+00:00","dateModified":"2025-04-30T22:54:19+00:00","description":"FSFS - Federacija stonog fudbala Srbije | Rezultat dr\u017eavnog prvenstva u dubl i singl disciplini 2023-2024. \u010cestitamo pobednicima!","breadcrumb":{"@id":"https:\/\/www.fsfs.rs\/liga-23-24\/#breadcrumb"},"inLanguage":"en-US","potentialAction":[{"@type":"ReadAction","target":["https:\/\/www.fsfs.rs\/liga-23-24\/"]}]},{"@type":"BreadcrumbList","@id":"https:\/\/www.fsfs.rs\/liga-23-24\/#breadcrumb","itemListElement":[{"@type":"ListItem","position":1,"name":"Home","item":"https:\/\/www.fsfs.rs\/"},{"@type":"ListItem","position":2,"name":"Dr\u017eavna Liga &#8217;23-&#8217;24"}]},{"@type":"WebSite","@id":"https:\/\/www.fsfs.rs\/#website","url":"https:\/\/www.fsfs.rs\/","name":"FSFS - Federacija stonog fudbala Srbije","description":"Federacija stonog fudbala Srbije","publisher":{"@id":"https:\/\/www.fsfs.rs\/#organization"},"potentialAction":[{"@type":"SearchAction","target":{"@type":"EntryPoint","urlTemplate":"https:\/\/www.fsfs.rs\/?s={search_term_string}"},"query-input":"required name=search_term_string"}],"inLanguage":"en-US"},{"@type":"Organization","@id":"https:\/\/www.fsfs.rs\/#organization","name":"FSFS - Federacija stonog fudbala Srbije","url":"https:\/\/www.fsfs.rs\/","logo":{"@type":"ImageObject","inLanguage":"en-US","@id":"https:\/\/www.fsfs.rs\/#\/schema\/logo\/image\/","url":"https:\/\/www.fsfs.rs\/wp-content\/uploads\/2025\/10\/cropped-cropped-Untitled-design-1.png","contentUrl":"https:\/\/www.fsfs.rs\/wp-content\/uploads\/2025\/10\/cropped-cropped-Untitled-design-1.png","width":512,"height":512,"caption":"FSFS - Federacija stonog fudbala Srbije"},"image":{"@id":"https:\/\/www.fsfs.rs\/#\/schema\/logo\/image\/"},"sameAs":["https:\/\/m.facebook.com\/100002173293117\/"]}]}},"_links":{"self":[{"href":"https:\/\/www.fsfs.rs\/en\/wp-json\/wp\/v2\/pages\/1158","targetHints":{"allow":["GET"]}}],"collection":[{"href":"https:\/\/www.fsfs.rs\/en\/wp-json\/wp\/v2\/pages"}],"about":[{"href":"https:\/\/www.fsfs.rs\/en\/wp-json\/wp\/v2\/types\/page"}],"author":[{"embeddable":true,"href":"https:\/\/www.fsfs.rs\/en\/wp-json\/wp\/v2\/users\/1"}],"replies":[{"embeddable":true,"href":"https:\/\/www.fsfs.rs\/en\/wp-json\/wp\/v2\/comments?post=1158"}],"version-history":[{"count":148,"href":"https:\/\/www.fsfs.rs\/en\/wp-json\/wp\/v2\/pages\/1158\/revisions"}],"predecessor-version":[{"id":2112,"href":"https:\/\/www.fsfs.rs\/en\/wp-json\/wp\/v2\/pages\/1158\/revisions\/2112"}],"wp:featuredmedia":[{"embeddable":true,"href":"https:\/\/www.fsfs.rs\/en\/wp-json\/wp\/v2\/media\/1267"}],"wp:attachment":[{"href":"https:\/\/www.fsfs.rs\/en\/wp-json\/wp\/v2\/media?parent=1158"}],"curies":[{"name":"wp","href":"https:\/\/api.w.org\/{rel}","templated":true}]}}